{"id":49,"date":"2013-04-06T20:29:10","date_gmt":"2013-04-06T18:29:10","guid":{"rendered":"http:\/\/festivisuel.com\/new\/?page_id=49"},"modified":"2020-05-15T14:04:46","modified_gmt":"2020-05-15T12:04:46","slug":"services","status":"publish","type":"page","link":"https:\/\/www.festivisuel.com\/new\/services\/","title":{"rendered":"Nos services"},"content":{"rendered":"<h2>Audiovisuel<\/h2>\n<h3><a title=\"Captation vid\u00e9o\" href=\"http:\/\/festivisuel.com\/new\/captation-video\/\"><span style=\"color: #ff6600;\">Captation vid\u00e9o multicam\u00e9ra<\/span><\/a><br \/>\n<a title=\"Production video\" href=\"http:\/\/festivisuel.com\/new\/production-video\/\"><span style=\"color: #ff6600;\">Production audiovisuelle<\/span><\/a><br \/>\n<a title=\"Streaming vid\u00e9o live\" href=\"http:\/\/festivisuel.com\/new\/streaming-video\/\"><span style=\"color: #ff6600;\">Streaming vid\u00e9o live<\/span><\/a><\/h3>\n<p>De la r\u00e9alisation de reportage vid\u00e9o \u00e0 la captation en direct avec projection d\u2019images ou diffusion sur Internet notre savoir-faire permet de r\u00e9pondre \u00e0 des prestations aussi vari\u00e9es que complexes.<\/p>\n<p>Gr\u00e2ce \u00e0 nos connaissances en mati\u00e8re de r\u00e9alisation multi-cam\u00e9ra, nous pouvons participer \u00e0 la promotion et la diffusion de vos\u00a0\u00e9v\u00e9nements aupr\u00e8s d\u2019un large public, et cela\u00a0qu\u2019il s\u2019agisse de comp\u00e9titions sportives,\u00a0spectacles, concerts, \u00a0conf\u00e9rences, \u00e9missions\u2026<\/p>\n<p>Nous ma\u00eetrisons la cha\u00eene compl\u00e8te de production : de 1 \u00e0 20 cam\u00e9ras en passant par les r\u00e9gies vid\u00e9o et la diffusion sur \u00e9cran g\u00e9ant ou en streaming internet en passant par la fourniture de connexions internet temporaires. Cette gestion globale permet de r\u00e9pondre au mieux aux contraintes et sp\u00e9cificit\u00e9s de mise en image de vos \u00e9v\u00e9nements.<\/p>\n","protected":false},"excerpt":{"rendered":"<p>Audiovisuel Captation vid\u00e9o multicam\u00e9ra Production audiovisuelle Streaming vid\u00e9o live De la r\u00e9alisation de reportage vid\u00e9o \u00e0 la captation en direct avec projection d\u2019images ou diffusion sur Internet notre savoir-faire permet de r\u00e9pondre \u00e0 des prestations aussi vari\u00e9es que complexes. Gr\u00e2ce \u00e0 nos connaissances en mati\u00e8re de r\u00e9alisation multi-cam\u00e9ra, nous pouvons participer \u00e0 la promotion et<\/p>\n","protected":false},"author":1,"featured_media":0,"parent":0,"menu_order":0,"comment_status":"closed","ping_status":"closed","template":"","meta":{"footnotes":""},"class_list":["post-49","page","type-page","status-publish","hentry"],"aioseo_notices":[],"_links":{"self":[{"href":"https:\/\/www.festivisuel.com\/new\/wp-json\/wp\/v2\/pages\/49","targetHints":{"allow":["GET"]}}],"collection":[{"href":"https:\/\/www.festivisuel.com\/new\/wp-json\/wp\/v2\/pages"}],"about":[{"href":"https:\/\/www.festivisuel.com\/new\/wp-json\/wp\/v2\/types\/page"}],"author":[{"embeddable":true,"href":"https:\/\/www.festivisuel.com\/new\/wp-json\/wp\/v2\/users\/1"}],"replies":[{"embeddable":true,"href":"https:\/\/www.festivisuel.com\/new\/wp-json\/wp\/v2\/comments?post=49"}],"version-history":[{"count":17,"href":"https:\/\/www.festivisuel.com\/new\/wp-json\/wp\/v2\/pages\/49\/revisions"}],"predecessor-version":[{"id":2060,"href":"https:\/\/www.festivisuel.com\/new\/wp-json\/wp\/v2\/pages\/49\/revisions\/2060"}],"wp:attachment":[{"href":"https:\/\/www.festivisuel.com\/new\/wp-json\/wp\/v2\/media?parent=49"}],"curies":[{"name":"wp","href":"https:\/\/api.w.org\/{rel}","templated":true}]}}