{"id":312,"date":"2013-04-11T19:09:40","date_gmt":"2013-04-11T17:09:40","guid":{"rendered":"http:\/\/festivisuel.com\/new\/?page_id=312"},"modified":"2021-12-17T15:28:32","modified_gmt":"2021-12-17T14:28:32","slug":"production-video","status":"publish","type":"page","link":"https:\/\/www.festivisuel.com\/new\/services\/production-video\/","title":{"rendered":"Production ex\u00e9cutive"},"content":{"rendered":"<p>Nous proposons des services de production ex\u00e9cutive pour tout type de programme audiovisuel (documentaire, magazine, \u00e9mission, captation spectacle vivant, signal international sport&#8230;.).<\/p>\n<p>Notre organisation minutieuse, notre structure \u00e0 taille humaine et notre situation g\u00e9ographique \u00e0 Montpellier dans le sud de la France nous assurent une <span style=\"color: #ff0000;\"><b>grande r\u00e9activit\u00e9<\/b> <\/span>dans la r\u00e9ponse apport\u00e9e<\/p>\n<p>Qu&rsquo;il s&rsquo;agisse de la simple constitution d&rsquo;une \u00e9quipe ENG ou de la captation d&rsquo;un concert symphonique ou d&rsquo;un op\u00e9ra,\u00a0 nous avons l&rsquo;\u00e9quipe et les moyens techniques qu&rsquo;il vous faut ! R\u00e9alisateur, scripte, cadreur, chef opv, ing\u00e9nieur son, assistant vid\u00e9o, \u00e9lectro, machiniste, chef d&rsquo;\u00e9quipement, ing\u00e9nieur vision&#8230;.<\/p>\n<p>Alors si vous avez un projet tournage \u00e0 Montpellier, N\u00eemes, B\u00e9ziers, Narbonne, Avignon, Toulouse, Aix, Marseille, dans le sud de la France ? Nous avons des \u00e9quipes locales pr\u00eates \u00e0 tourner !<br \/>\n<span style=\"font-size: 13px; line-height: 19px;\"><br \/>\n<span style=\"font-size: 16px;\">Nous assurons une <\/span><\/span><span style=\"font-size: 16px;\"><span style=\"color: #ff0000;\"><b style=\"line-height: 19px;\">\u00e9tude pr\u00e9cise des besoins<\/b><\/span><span style=\"line-height: 19px;\"> inh\u00e9rents au sujet afin de r\u00e9pondre de la mani\u00e8re la plus appropri\u00e9e aux contraintes impos\u00e9es.<\/span><\/span><br \/>\n<span style=\"font-size: 16px;\">Le mat\u00e9riel de prise de vue (type et nombre de cam\u00e9ras), machinerie, et de prise de son seront ainsi attentivement d\u00e9termin\u00e9s.<\/span><\/p>\n<p>Nous \u00e9tudions toutes vos demandes, nos devis sont gratuits, alors n&rsquo;h\u00e9sitez plus : <span style=\"color: #ff0000;\"><a title=\"Contact\" href=\"http:\/\/festivisuel.com\/new\/contact\/\"><span style=\"color: #ff0000;\">contactez-nous<\/span><\/a><\/span> !<\/p>\n","protected":false},"excerpt":{"rendered":"<p>Nous proposons des services de production ex\u00e9cutive pour tout type de programme audiovisuel (documentaire, magazine, \u00e9mission, captation spectacle vivant, signal international sport&#8230;.). Notre organisation minutieuse, notre structure \u00e0 taille humaine et notre situation g\u00e9ographique \u00e0 Montpellier dans le sud de la France nous assurent une grande r\u00e9activit\u00e9 dans la r\u00e9ponse apport\u00e9e Qu&rsquo;il s&rsquo;agisse de la<\/p>\n","protected":false},"author":1,"featured_media":0,"parent":49,"menu_order":0,"comment_status":"closed","ping_status":"closed","template":"","meta":{"footnotes":""},"class_list":["post-312","page","type-page","status-publish","hentry"],"aioseo_notices":[],"_links":{"self":[{"href":"https:\/\/www.festivisuel.com\/new\/wp-json\/wp\/v2\/pages\/312","targetHints":{"allow":["GET"]}}],"collection":[{"href":"https:\/\/www.festivisuel.com\/new\/wp-json\/wp\/v2\/pages"}],"about":[{"href":"https:\/\/www.festivisuel.com\/new\/wp-json\/wp\/v2\/types\/page"}],"author":[{"embeddable":true,"href":"https:\/\/www.festivisuel.com\/new\/wp-json\/wp\/v2\/users\/1"}],"replies":[{"embeddable":true,"href":"https:\/\/www.festivisuel.com\/new\/wp-json\/wp\/v2\/comments?post=312"}],"version-history":[{"count":17,"href":"https:\/\/www.festivisuel.com\/new\/wp-json\/wp\/v2\/pages\/312\/revisions"}],"predecessor-version":[{"id":10341,"href":"https:\/\/www.festivisuel.com\/new\/wp-json\/wp\/v2\/pages\/312\/revisions\/10341"}],"up":[{"embeddable":true,"href":"https:\/\/www.festivisuel.com\/new\/wp-json\/wp\/v2\/pages\/49"}],"wp:attachment":[{"href":"https:\/\/www.festivisuel.com\/new\/wp-json\/wp\/v2\/media?parent=312"}],"curies":[{"name":"wp","href":"https:\/\/api.w.org\/{rel}","templated":true}]}}