{"id":25,"date":"2013-04-04T18:11:38","date_gmt":"2013-04-04T16:11:38","guid":{"rendered":"http:\/\/festivisuel.com\/new\/?page_id=25"},"modified":"2021-12-17T11:03:40","modified_gmt":"2021-12-17T10:03:40","slug":"captation-video","status":"publish","type":"page","link":"https:\/\/www.festivisuel.com\/new\/services\/captation-video\/","title":{"rendered":"Captation vid\u00e9o"},"content":{"rendered":"<p>Qu&rsquo;il s&rsquo;agisse de spectacles, de concerts, d&rsquo;\u00e9v\u00e8nements sportifs, d&rsquo;\u00e9mission ou plateaux tv, nous avons la solution technique adapt\u00e9e \u00e0 la captation et la retransmission en direct !<\/p>\n<p>Notre <strong><span style=\"color: #ff0000;\"><a style=\"color: #ff0000;\" href=\"http:\/\/www.festivisuel.com\/new\/car-regie\/\">car r\u00e9gie<\/a><\/span><\/strong> et nos <a title=\"Moyens techniques\" href=\"http:\/\/festivisuel.com\/new\/moyens-techniques\/#regievideo\"><span style=\"color: #ff0000;\"><strong>r\u00e9gies vid\u00e9o UHD et HD<\/strong> <\/span><\/a>permettent de g\u00e9rer la production des direct. En fonction des besoins, nous pouvons g\u00e9rer jusqu&rsquo;\u00e0 40 sources UHD !<\/p>\n<p>En fonction des besoins, nous proposons de nombreux services comme la gestion des ralentis, envois de sujets vid\u00e9os, r\u00e9alisation de jingles et de g\u00e9n\u00e9riques, liaisons HF, interphonie, machineries (travelling motoris\u00e9), poste commentateur\u2026<\/p>\n<p>Nous \u00e9tudions avec vous les besoins li\u00e9s \u00e0 la mise en image de mani\u00e8re \u00e0 r\u00e9pondre de la fa\u00e7on la plus appropri\u00e9e aux contraintes impos\u00e9es : nous pouvons proposer des configurations l\u00e9g\u00e8res (cam\u00e9ras tourelles), ou plus lourdes (cam\u00e9ra plateau 2\/3&Prime;) ou bien encore des configurations grand capteur !<\/p>\n<p>Nous sommes bas\u00e9s \u00e0 Montpellier mais pouvons intervenir dans la France enti\u00e8re.<br \/>\nN&rsquo;h\u00e9sitez pas \u00e0 <span style=\"color: #ff0000;\"><a href=\"http:\/\/www.festivisuel.com\/new\/contact\/\"><span style=\"color: #ff0000;\">nous consulter<\/span><\/a><\/span> pour vos projets, nos devis sont gratuits et sans engagement !<\/p>\n<p style=\"text-align: center;\">\u00a0<img fetchpriority=\"high\" decoding=\"async\" class=\"alignnone wp-image-291\" style=\"font-size: 13px; line-height: 19px;\" src=\"http:\/\/festivisuel.com\/new\/wp-content\/uploads\/2013\/04\/melangeur2.jpg\" alt=\"melangeur2\" width=\"600\" height=\"414\" srcset=\"https:\/\/www.festivisuel.com\/new\/wp-content\/uploads\/2013\/04\/melangeur2.jpg 900w, https:\/\/www.festivisuel.com\/new\/wp-content\/uploads\/2013\/04\/melangeur2-300x207.jpg 300w\" sizes=\"(max-width: 600px) 100vw, 600px\" \/><br \/>\n<span style=\"font-size: 13px; line-height: 19px;\">\u00a0<\/span><\/p>\n","protected":false},"excerpt":{"rendered":"<p>Qu&rsquo;il s&rsquo;agisse de spectacles, de concerts, d&rsquo;\u00e9v\u00e8nements sportifs, d&rsquo;\u00e9mission ou plateaux tv, nous avons la solution technique adapt\u00e9e \u00e0 la captation et la retransmission en direct ! Notre car r\u00e9gie et nos r\u00e9gies vid\u00e9o UHD et HD permettent de g\u00e9rer la production des direct. En fonction des besoins, nous pouvons g\u00e9rer jusqu&rsquo;\u00e0 40 sources UHD<\/p>\n","protected":false},"author":1,"featured_media":0,"parent":49,"menu_order":0,"comment_status":"closed","ping_status":"closed","template":"","meta":{"footnotes":""},"class_list":["post-25","page","type-page","status-publish","hentry"],"aioseo_notices":[],"_links":{"self":[{"href":"https:\/\/www.festivisuel.com\/new\/wp-json\/wp\/v2\/pages\/25","targetHints":{"allow":["GET"]}}],"collection":[{"href":"https:\/\/www.festivisuel.com\/new\/wp-json\/wp\/v2\/pages"}],"about":[{"href":"https:\/\/www.festivisuel.com\/new\/wp-json\/wp\/v2\/types\/page"}],"author":[{"embeddable":true,"href":"https:\/\/www.festivisuel.com\/new\/wp-json\/wp\/v2\/users\/1"}],"replies":[{"embeddable":true,"href":"https:\/\/www.festivisuel.com\/new\/wp-json\/wp\/v2\/comments?post=25"}],"version-history":[{"count":30,"href":"https:\/\/www.festivisuel.com\/new\/wp-json\/wp\/v2\/pages\/25\/revisions"}],"predecessor-version":[{"id":10329,"href":"https:\/\/www.festivisuel.com\/new\/wp-json\/wp\/v2\/pages\/25\/revisions\/10329"}],"up":[{"embeddable":true,"href":"https:\/\/www.festivisuel.com\/new\/wp-json\/wp\/v2\/pages\/49"}],"wp:attachment":[{"href":"https:\/\/www.festivisuel.com\/new\/wp-json\/wp\/v2\/media?parent=25"}],"curies":[{"name":"wp","href":"https:\/\/api.w.org\/{rel}","templated":true}]}}