{"id":147,"date":"2013-04-10T15:05:11","date_gmt":"2013-04-10T13:05:11","guid":{"rendered":"http:\/\/festivisuel.com\/new\/?page_id=147"},"modified":"2025-08-28T16:31:50","modified_gmt":"2025-08-28T14:31:50","slug":"moyens-techniques","status":"publish","type":"page","link":"https:\/\/www.festivisuel.com\/new\/moyens-techniques\/","title":{"rendered":"Moyens techniques"},"content":{"rendered":"<p>Festivisuel propose la location de mat\u00e9riel audiovisuel broadcast sur <strong>Montpellier et la r\u00e9gion Occitanie<\/strong>. Qu&rsquo;il s&rsquo;agisse de r\u00e9gies vid\u00e9o, m\u00e9langeur, cam\u00e9ra tourelle, cam\u00e9ra plateau, unit\u00e9 de tournage UHD, slider motoris\u00e9, solution de streaming, nous avons forc\u00e9ment une solution \u00e0 vous proposer !<\/p>\n<p>En quelques chiffres :<\/p>\n<p><strong><span style=\"color: #ff0000;\"><span style=\"color: #000000;\">&#8211; 2 r\u00e9gie flight-case avec m\u00e9langeur 8K\/UHD\/HD ATEM Constellation 4 M\/E <\/span>NEW<br \/>\n<\/span><\/strong><strong>&#8211; 6 Cam\u00e9ras plateau UHD\/HD 2\/3&Prime; URSA BROADCAST G2 avec docks fibres\u00a0 <span style=\"color: #ff0000;\">NEW<br \/>\n<\/span>&#8211; 2 URSA BROADCAST 6K\/UHD\/HD 2\/3<span style=\"color: #ff0000;\"> G2<br \/>\n<\/span>&#8211; 1 Optique tr\u00e8s longue focale B4 4K FUJINON UA46X9.5 <span style=\"color: #ff0000;\">NEW<\/span><br \/>\n&#8211; 3 Optiques B4 4K FUJINON UA24x7.8\u00a0<\/strong><br \/>\n<strong>&#8211; 1 Optique B4\u00a0 4K FUJINON UA14x4.3<\/strong><br \/>\n<strong>&#8211; 1 Optique PL GRAND Capteur FUJINON DUVO 24-300\u00a0 <span style=\"color: #ff0000;\">NEW<\/span><\/strong><br \/>\n&#8211; 1 Grille UHD Blackmagic\u00a0 40&#215;40\u00a0<span style=\"color: #ff0000;\"><br \/>\n<\/span>&#8211; 1 Syst\u00e8me de transmission HD-SDI et HDMI CVW PRO 800 (port\u00e9e 200m)<br \/>\n<span style=\"color: #ff0000;\"><strong><span style=\"color: #000000;\">&#8211; 1 Unit\u00e9 de tournage documentaire 4K SONY PXW FX9<\/span><\/strong><\/span><br \/>\n&#8211;<strong> 1 Unit\u00e9 de tournage 4K \/ HD Sony FX6<\/strong>\u00a0<span style=\"color: #ff0000;\"><strong><br \/>\n<\/strong><\/span><span style=\"color: #ff0000;\"><span style=\"color: #000000;\">&#8211;<strong> 1 Unit\u00e9 de tournage 4K \/ HD Sony FX3<\/strong> <\/span><strong> NEW<\/strong><br \/>\n<\/span><strong>&#8211; <span style=\"color: #ff0000;\">4<\/span> cam\u00e9ras tourelle UHD Panasonic UE 150\u00a0 <span style=\"color: #ff0000;\">NEW<br \/>\n&#8211; 2 <span style=\"color: #000000;\">remotes tourelles Panasonic RP150<\/span> NEW<br \/>\n&#8211; 1 slider motoris\u00e9 4m pour cam\u00e9ra tourelle<br \/>\n<span style=\"color: #000000;\">&#8211; 4 remote vision SKAARHOJ RCP V2 motoris\u00e9 <span style=\"color: #ff0000;\">NEW<br \/>\n<span style=\"color: #000000;\">&#8211; 3 Ecrans 32&Prime; BENQ UHD<\/span> NEW<br \/>\n<span style=\"color: #000000;\">&#8211; 1 Ecrans 43&Prime; SAMSUNG UHD<\/span> NEW<br \/>\n<\/span><\/span><\/span><\/strong><strong>&#8211; 8 enregistreurs vid\u00e9o UHD (Prores : ATOMOS SHOGUN STUDIO) <span style=\"color: #ff0000;\">NEW<\/span><\/strong><br \/>\n<strong>&#8211; 6 enregistreurs vid\u00e9o Quad HD \/ UHD (Prores : ATOMOS SHOGUN STUDIO 2) <span style=\"color: #ff0000;\">NEW<br \/>\n&#8211; Stagebox multiplexeur fibre optique<span style=\"color: #000000;\"> permettant le transport sur 2 brins de fibre monomode de :<\/span><br \/>\n<span style=\"color: #000000;\"> 8 IN 12G SDI \/ 8 OUT 12G SDI\/ 1 RJ 45 POE ++ VIDEO \/ 1 RJ45 SON &#8211; DANTE <span style=\"color: #ff0000;\">NEW<\/span><\/span><br \/>\n<\/span><\/strong>&#8211; Stagebox fibre optique 4 IN \/ 2 OUT HD-SDI + 2 RJ45<br \/>\n&#8211; 20 convertisseurs multiformats vid\u00e9os HD-SDI &#8211; HDMI &#8211; YUV &#8211; Composite<br \/>\n&#8211; 1km de cablage vid\u00e9o HD-SDI (dont multipaires 5 et 2 paires 100m)<br \/>\n<strong>&#8211; 750 m de fibre optique quad single mode Hi-fiber4<\/strong>\u00a0\u00a0<strong><span style=\"color: #ff0000;\">NEW<br \/>\n<\/span><\/strong><strong>&#8211; 1000 m de fibre optique hybride LEMO<\/strong>\u00a0\u00a0<strong><span style=\"color: #ff0000;\">NEW<\/span><\/strong><br \/>\n&#8211; 500m de cablage de puissance \u00e9lectrique<\/p>\n<p>&#8211; Matrice RTS ODIN 32<br \/>\n&#8211; Matrice RTS OMS Advanced<br \/>\n&#8211; 8 postes sans fil RTS Roameo TR1800 et 3 AP1800<br \/>\n&#8211; 6 Panels RTS KP4016<br \/>\n&#8211; 1 Panel RTS KP5032<\/p>\n<p><span style=\"color: #000000;\"><br \/>\n<\/span><span style=\"color: #000000;\">&#8211; 1 console son num\u00e9rique 16 canaux Behringer X32 RACK + carte DANTE<br \/>\n<strong>&#8211; 1 console son num\u00e9rique 16 canaux Behringer X32 RACK + carte multipiste 32 Audios\u00a0<span style=\"color: #ff0000;\">NEW<\/span><\/strong><br \/>\n<\/span><strong><span style=\"color: #ff0000;\"><br \/>\n<span style=\"color: #000000;\">&#8211; 2 stage box DANTE 4 IN \/ 4 OUT XLR AOIP 44 GLENSOUND<\/span>\u00a0NEW<\/span><\/strong><\/p>\n<p><span style=\"font-size: 13px; line-height: 19px;\">L&rsquo;ensemble de notre mat\u00e9riel est disponible \u00e0 la location (catalogue complet ci-dessous) ou pour des prestations avec nos techniciens, n&rsquo;h\u00e9sitez pas \u00e0 <\/span><span style=\"color: #ff0000;\"><a title=\"Contact\" href=\"http:\/\/festivisuel.com\/new\/contact\/\"><span style=\"color: #ff0000;\">nous consulter<\/span><\/a><\/span><span style=\"font-size: 13px; line-height: 19px;\"> !<\/span><\/p>\n","protected":false},"excerpt":{"rendered":"<p>Festivisuel propose la location de mat\u00e9riel audiovisuel broadcast sur Montpellier et la r\u00e9gion Occitanie. Qu&rsquo;il s&rsquo;agisse de r\u00e9gies vid\u00e9o, m\u00e9langeur, cam\u00e9ra tourelle, cam\u00e9ra plateau, unit\u00e9 de tournage UHD, slider motoris\u00e9, solution de streaming, nous avons forc\u00e9ment une solution \u00e0 vous proposer ! En quelques chiffres : &#8211; 2 r\u00e9gie flight-case avec m\u00e9langeur 8K\/UHD\/HD ATEM Constellation<\/p>\n","protected":false},"author":1,"featured_media":0,"parent":0,"menu_order":0,"comment_status":"closed","ping_status":"closed","template":"","meta":{"footnotes":""},"class_list":["post-147","page","type-page","status-publish","hentry"],"aioseo_notices":[],"_links":{"self":[{"href":"https:\/\/www.festivisuel.com\/new\/wp-json\/wp\/v2\/pages\/147","targetHints":{"allow":["GET"]}}],"collection":[{"href":"https:\/\/www.festivisuel.com\/new\/wp-json\/wp\/v2\/pages"}],"about":[{"href":"https:\/\/www.festivisuel.com\/new\/wp-json\/wp\/v2\/types\/page"}],"author":[{"embeddable":true,"href":"https:\/\/www.festivisuel.com\/new\/wp-json\/wp\/v2\/users\/1"}],"replies":[{"embeddable":true,"href":"https:\/\/www.festivisuel.com\/new\/wp-json\/wp\/v2\/comments?post=147"}],"version-history":[{"count":8,"href":"https:\/\/www.festivisuel.com\/new\/wp-json\/wp\/v2\/pages\/147\/revisions"}],"predecessor-version":[{"id":10635,"href":"https:\/\/www.festivisuel.com\/new\/wp-json\/wp\/v2\/pages\/147\/revisions\/10635"}],"wp:attachment":[{"href":"https:\/\/www.festivisuel.com\/new\/wp-json\/wp\/v2\/media?parent=147"}],"curies":[{"name":"wp","href":"https:\/\/api.w.org\/{rel}","templated":true}]}}