{"id":10676,"date":"2026-05-04T11:33:53","date_gmt":"2026-05-04T09:33:53","guid":{"rendered":"https:\/\/www.festivisuel.com\/new\/page-de-maintenance\/"},"modified":"2026-05-04T11:51:28","modified_gmt":"2026-05-04T09:51:28","slug":"page-de-maintenance","status":"publish","type":"page","link":"https:\/\/www.festivisuel.com\/new\/","title":{"rendered":"FESTIVISUEL C&rsquo;EST FINI"},"content":{"rendered":"\n<div id=\"wp-block-themeisle-blocks-advanced-columns-dff9d0e7\" class=\"wp-block-themeisle-blocks-advanced-columns alignfull has-1-columns has-desktop-equal-layout has-tablet-collapsedRows-layout has-mobile-collapsedRows-layout has-reverse-columns-mobile has-vertical-center has-dark-bg\"><div class=\"wp-block-themeisle-blocks-advanced-columns-overlay\"><\/div><div class=\"innerblocks-wrap\">\n<div id=\"wp-block-themeisle-blocks-advanced-column-38180c44\" class=\"wp-block-themeisle-blocks-advanced-column\">\n<div id=\"wp-block-themeisle-blocks-advanced-columns-d2c03d04\" class=\"wp-block-themeisle-blocks-advanced-columns has-1-columns has-desktop-equal-layout has-tablet-equal-layout has-mobile-equal-layout has-vertical-unset\"><div class=\"wp-block-themeisle-blocks-advanced-columns-overlay\"><\/div><div class=\"innerblocks-wrap\">\n<section id=\"wp-block-themeisle-blocks-advanced-column-8ccbffad\" class=\"wp-block-themeisle-blocks-advanced-column has-dark-bg\"><div class=\"wp-block-image\">\n<figure class=\"aligncenter size-full is-resized\"><a href=\"https:\/\/www.festivisuel.com\/new\/wp-content\/uploads\/2021\/12\/logo_seul_blanc.png\"><img fetchpriority=\"high\" decoding=\"async\" width=\"923\" height=\"283\" src=\"https:\/\/www.festivisuel.com\/new\/wp-content\/uploads\/2021\/12\/logo_seul_blanc.png\" alt=\"\" class=\"wp-image-10143\" style=\"aspect-ratio:3.2615384615384615;width:349px;height:auto\" srcset=\"https:\/\/www.festivisuel.com\/new\/wp-content\/uploads\/2021\/12\/logo_seul_blanc.png 923w, https:\/\/www.festivisuel.com\/new\/wp-content\/uploads\/2021\/12\/logo_seul_blanc-300x92.png 300w, https:\/\/www.festivisuel.com\/new\/wp-content\/uploads\/2021\/12\/logo_seul_blanc-768x235.png 768w, https:\/\/www.festivisuel.com\/new\/wp-content\/uploads\/2021\/12\/logo_seul_blanc-280x86.png 280w\" sizes=\"(max-width: 923px) 100vw, 923px\" \/><\/a><\/figure>\n<\/div>\n\n\n<h2 class=\"wp-block-heading has-text-align-center\">FESTIVISUEL C&rsquo;EST FINI<\/h2>\n\n\n\n<figure class=\"wp-block-embed is-type-video is-provider-vimeo wp-block-embed-vimeo wp-embed-aspect-16-9 wp-has-aspect-ratio\"><div class=\"wp-block-embed__wrapper\">\n<iframe title=\"FESTIVISUEL - THE END\" src=\"https:\/\/player.vimeo.com\/video\/1188699825?h=0a3f5e9e8f&amp;dnt=1&amp;app_id=122963\" width=\"1170\" height=\"658\" frameborder=\"0\" allow=\"autoplay; fullscreen; picture-in-picture; clipboard-write; encrypted-media; web-share\" referrerpolicy=\"strict-origin-when-cross-origin\"><\/iframe>\n<\/div><\/figure>\n\n\n\n<p id=\"wp-block-themeisle-blocks-advanced-heading-9b86ac5a\" class=\"wp-block-themeisle-blocks-advanced-heading wp-block-themeisle-blocks-advanced-heading-9b86ac5a\">ll y a des mots qu\u2019on repousse. Des phrases qu\u2019on n\u2019a jamais vraiment envie d\u2019\u00e9crire.<br>Aujourd\u2019hui, c\u2019est pourtant le moment.<br>Apr\u00e8s 14 ann\u00e9es d\u2019une intensit\u00e9 rare, c\u2019est avec beaucoup d\u2019\u00e9motion \u2014 et la gorge serr\u00e9e \u2014 que je vous annonce l\u2019arr\u00eat des activit\u00e9s de Festivisuel.<br>En 2012, j\u2019avais 22 ans. Un BTS Audiovisuel en poche, quelques ann\u00e9es d\u2019intermittence, et surtout une envie immense.<br>L\u2019envie de cr\u00e9er. L\u2019envie de raconter. L\u2019envie de faire les choses \u00e0 ma mani\u00e8re, avec exigence, avec passion.<br>Je ne savais pas vraiment o\u00f9 j\u2019allais.<br>Mais j\u2019y suis all\u00e9 \u00e0 fond.<br>Ces 14 ann\u00e9es ont \u00e9t\u00e9 tout sauf un long fleuve tranquille. Elles ont \u00e9t\u00e9 faites de doutes, de remises en question, de nuits trop courtes\u2026 mais aussi de rencontres incroyables, de projets fous, de fiert\u00e9s immenses.<br>Festivisuel, ce n\u2019est pas qu\u2019une entreprise.<br>C\u2019est une partie de ma vie. Une aventure humaine. Des rires, des souvenirs, des moments qui m\u2019ont profond\u00e9ment marqu\u00e9.<br>Avec le temps, le petit bateau est devenu plus grand. Beaucoup plus grand.<br>Et sans que je m\u2019en rende vraiment compte, la l\u00e9g\u00e8ret\u00e9 des d\u00e9buts a laiss\u00e9 place \u00e0 un poids de plus en plus difficile \u00e0 porter.<br>Alors aujourd\u2019hui, je fais un choix.<br>Un choix qui n\u2019est pas simple, mais qui est juste.<br>Celui de m\u2019arr\u00eater avant de ne plus y prendre de plaisir.<br>M\u2019arr\u00eater ici, m\u00eame si tout n\u2019a pas \u00e9t\u00e9 sans casse en chemin.<br>Je choisis de fermer ce chapitre avec fiert\u00e9, avec gratitude, et avec beaucoup d\u2019\u00e9motion.<br>Merci.<br>Merci aux \u00e9quipes incroyables qui ont crois\u00e9 la route de Festivisuel. Vous avez \u00e9t\u00e9 bien plus que des collaborateurs. Merci pour votre talent, votre \u00e9nergie, votre engagement.<br>Merci \u00e0 nos clients, \u00e0 nos partenaires, \u00e0 ceux qui nous ont fait confiance.<br>Vous nous avez permis de vivre cette aventure.<br>Et merci \u00e0 celles et ceux qui ont \u00e9t\u00e9 l\u00e0 dans les moments les plus intenses, y compris dans la temp\u00eate.<br><br>Festivisuel s\u2019arr\u00eate. Mais ce que nous y avons construit, partag\u00e9 et ressenti, lui, reste. <\/p>\n\n\n\n<p>Simon GERLAND<\/p>\n<\/section>\n<\/div><\/div>\n<\/div>\n<\/div><\/div>\n\n\n\n<div id=\"wp-block-themeisle-blocks-advanced-columns-ef9e8df2\" class=\"wp-block-themeisle-blocks-advanced-columns alignfull has-1-columns has-desktop-equal-layout has-tablet-equal-layout has-mobile-equal-layout has-vertical-center has-dark-bg\"><div class=\"wp-block-themeisle-blocks-advanced-columns-overlay\"><\/div><div class=\"innerblocks-wrap\">\n<div id=\"wp-block-themeisle-blocks-advanced-column-333abe98\" class=\"wp-block-themeisle-blocks-advanced-column\">\n<div id=\"wp-block-themeisle-blocks-advanced-columns-754ac71e\" class=\"wp-block-themeisle-blocks-advanced-columns alignfull has-1-columns has-desktop-equal-layout has-tablet-equal-layout has-mobile-equal-layout has-vertical-unset\"><div class=\"wp-block-themeisle-blocks-advanced-columns-overlay\"><\/div><div class=\"innerblocks-wrap\">\n<div id=\"wp-block-themeisle-blocks-advanced-column-ea14264d\" class=\"wp-block-themeisle-blocks-advanced-column\">\n<div class=\"wp-block-buttons is-layout-flex wp-block-buttons-is-layout-flex\">\n<div class=\"wp-block-button\"><a class=\"wp-block-button__link wp-element-button\" href=\"https:\/\/docs.google.com\/spreadsheets\/d\/11GZU9xzS-SOKSAFQlW6nQArGOARK8K8DoqCT47ZACd0\/edit?usp=sharing\">Liste du mat\u00e9riel \u00e0 vendre<\/a><\/div>\n<\/div>\n<\/div>\n<\/div><\/div>\n<\/div>\n<\/div><\/div>\n\n\n\n<p><\/p>\n","protected":false},"excerpt":{"rendered":"","protected":false},"author":1,"featured_media":0,"parent":0,"menu_order":0,"comment_status":"closed","ping_status":"closed","template":"templates\/wpmm-page-template.php","meta":{"_themeisle_gutenberg_block_has_review":false,"footnotes":""},"class_list":["post-10676","page","type-page","status-publish","hentry"],"aioseo_notices":[],"_links":{"self":[{"href":"https:\/\/www.festivisuel.com\/new\/wp-json\/wp\/v2\/pages\/10676","targetHints":{"allow":["GET"]}}],"collection":[{"href":"https:\/\/www.festivisuel.com\/new\/wp-json\/wp\/v2\/pages"}],"about":[{"href":"https:\/\/www.festivisuel.com\/new\/wp-json\/wp\/v2\/types\/page"}],"author":[{"embeddable":true,"href":"https:\/\/www.festivisuel.com\/new\/wp-json\/wp\/v2\/users\/1"}],"replies":[{"embeddable":true,"href":"https:\/\/www.festivisuel.com\/new\/wp-json\/wp\/v2\/comments?post=10676"}],"version-history":[{"count":7,"href":"https:\/\/www.festivisuel.com\/new\/wp-json\/wp\/v2\/pages\/10676\/revisions"}],"predecessor-version":[{"id":10688,"href":"https:\/\/www.festivisuel.com\/new\/wp-json\/wp\/v2\/pages\/10676\/revisions\/10688"}],"wp:attachment":[{"href":"https:\/\/www.festivisuel.com\/new\/wp-json\/wp\/v2\/media?parent=10676"}],"curies":[{"name":"wp","href":"https:\/\/api.w.org\/{rel}","templated":true}]}}